{"id":3,"date":"2018-08-04T04:16:33","date_gmt":"2018-08-04T02:16:33","guid":{"rendered":"http:\/\/sm-org.de\/?page_id=3"},"modified":"2020-09-01T03:01:09","modified_gmt":"2020-09-01T01:01:09","slug":"datenschutzerklaerung","status":"publish","type":"page","link":"https:\/\/sm-org.de\/index.php\/datenschutzerklaerung\/","title":{"rendered":"Datenschutzerkl\u00e4rung"},"content":{"rendered":"\t\t<div data-elementor-type=\"wp-page\" data-elementor-id=\"3\" class=\"elementor elementor-3\">\n\t\t\t\t\t\t<section class=\"elementor-section elementor-top-section elementor-element elementor-element-522ca5a1 elementor-section-boxed elementor-section-height-default elementor-section-height-default\" data-id=\"522ca5a1\" data-element_type=\"section\">\n\t\t\t\t\t\t<div class=\"elementor-container elementor-column-gap-default\">\n\t\t\t\t\t<div class=\"elementor-column elementor-col-100 elementor-top-column elementor-element elementor-element-28e9a5e\" data-id=\"28e9a5e\" data-element_type=\"column\">\n\t\t\t<div class=\"elementor-widget-wrap elementor-element-populated\">\n\t\t\t\t\t\t<div class=\"elementor-element elementor-element-7130e471 elementor-widget elementor-widget-text-editor\" data-id=\"7130e471\" data-element_type=\"widget\" data-widget_type=\"text-editor.default\">\n\t\t\t\t<div class=\"elementor-widget-container\">\n\t\t\t\t\t\t\t\t\t\n<p>Sofern personenbezogene Daten von uns erhoben werden ist uns der Datenschutz besonders wichtig. Wir gehen mit Ihren Daten sensibel und sorgf\u00e4ltig um und sorgen f\u00fcr eine hohe Datensicherheit. Selbstverst\u00e4ndlich beachten wir die Datenschutzgrundverordnung (DSGVO) sowie das Bundesdatenschutzgesetz (BDSG). Personenbezogene Daten die von uns erhoben und verarbeitet werden verwenden wir nur in dem Umfang wie sie in dieser Datenschutzerkl\u00e4rung beschrieben werden. Diese Datenschutzerkl\u00e4rung ist auch zugleich unsere Informationspflicht nach Art 13 DSGVO unseren Nutzern gegen\u00fcber.<\/p>\n\n<h2 class=\"wp-block-heading\">A. Verantwortlicher und Kontaktm\u00f6glichkeiten des Datenschutzbeauftragten<\/h2>\n\n<p>Die datenschutzrechtlich Verantwortliche f\u00fcr die auf unserer Website stattfindenden Datenverarbeitungen ist die<\/p>\n\n<p>T. Wardas<br \/>Weserweg 51<br \/>30851 Langenhagen<\/p>\n\n<p>Fax: 0511-310 184 99<br \/>Tel.: 0511-310 184 90<\/p>\n\n<p>Email: info@sm-org.de<\/p>\n\n<h2 class=\"wp-block-heading\">B. Personenbezogene Daten, Zwecke und Rechtsgrundlage der Datenverarbeitung<\/h2>\n\n<p>1. Personenbezogene Daten<\/p>\n\n<p>Nach der DSGVO sind personenbezogene Daten \u201e<em>alle Informationen, die sich auf eine identifizierte oder identifizierbare nat\u00fcrliche Person (im Folgenden \u201abetroffene Person\u2018) beziehen<\/em>\u201c; als identifizierbar wird eine nat\u00fcrliche Person angesehen, die direkt oder indirekt, insbesondere mittels Zuordnung zu einer Kennung wie einem Namen, zu einer Kennnummer, zu Standortdaten, zu einer Online-Kennung oder zu einem oder mehreren besonderen Merkmalen identifiziert werden kann, die Ausdruck der physischen, physiologischen, genetischen, psychischen, wirtschaftlichen, kulturellen oder sozialen Identit\u00e4t dieser nat\u00fcrlichen Person sind.<\/p>\n\n<p>2. Allgemeiner Nutzung der Webseite<\/p>\n\n<p>Unsere Webseite kann grunds\u00e4tzlich ohne die gesonderte Angabe personenbezogener Daten eingesehen werden. Bei der Nutzung fallen allerdings einige technische Daten an. F\u00fcr diese Daten gilt Folgendes:<\/p>\n\n<p>W\u00e4hrend des Besuches unser Internetseiten durch registrierte oder einfache Nutzer, speichern wir bestimmte Daten in Logdateien. Die Logdatei beinhaltet Folgendes:<\/p>\n\n<ul class=\"wp-block-list\">\n<li>die IP-Adresse des Nutzers<\/li>\n<li>Begin und Ende des Besuches auf unser Webseite<\/li>\n<li>die \u00dcbermittelte Datenmenge<\/li>\n<li>welche Unterseiten werden auf sm-org.de besucht.<\/li>\n<\/ul>\n\n<p>Die Logdateien werden aus aus Sicherheitsgr\u00fcnden erstellt und gespeichert. Im Fall eines Missbrauches oder Schadhafter Nutzung unserer Dienste k\u00f6nnen wir diesen anhand der Daten nachvollziehen.<\/p>\n\n<p>Die Verarbeitung der Daten beruht auf Artikel 6 Abs. 1 lit f.) DSGVO. Unser berechtigtes Interesse liegt in den vorherigen genannten Zwecken.<\/p>\n\n<p>3. Newsletterdienst<\/p>\n\n<p>W\u00e4hren der Registrierung f\u00fcr unseren Newsletterdienst erheben wir folgende Daten:<\/p>\n\n<ul class=\"wp-block-list\">\n<li>die E-Mailadresse<\/li>\n<li>das Passwort. Passw\u00f6rter sind generell verschl\u00fcsselt und zu keinem Zeitpunkt im Klartext sichtbar.<\/li>\n<\/ul>\n\n<p>Die E-Mailadresse wird zur Kommunikation verwendet um die Angebots und Auftragsabwicklung zu vereinfachen.<\/p>\n\n<p>Der Erhalt des Newsletters kann jederzeit widerrufen werden. Hierzu befindet sich in jeder E-Mail ein Link zum Abmelden.<\/p>\n\n<p>Die Rechtsgrundlage f\u00fcr diese Verarbeitungen findet sich in Art. 6 Abs. 1 lit. a) DS-GVO und Art. 95 i.V.m. \u00a7 7 Abs. 2 Nr. 3 UWG.<\/p>\n\n<p>4. Forums- und Kommentarfunktion<\/p>\n\n<p>Wenn Sie sich f\u00fcr die Teilnahme an unseren Foren und Kommentarfunktion registrieren wollen, erheben wir von Ihnen folgenden Daten:<\/p>\n\n<ul class=\"wp-block-list\">\n<li>Ihre E-Mail-Adresse<\/li>\n<li>ein Passwort (das Passwort ist zu keinem Zeitpunkt im Klartext sichtbar) sowie<\/li>\n<li>einen Benutzernamen<\/li>\n<\/ul>\n\n<p>Die vorgenannten Daten ben\u00f6tigen wir, um Ihr Nutzerkonto zu verwalten und Sie, soweit erforderlich, kontaktieren zu k\u00f6nnen. Ihr Benutzername wird angezeigt, wenn Sie im Forum posten oder Artikel kommentieren. Wir empfehlen daher, bei der Wahl des Benutzernamens und auch mit Blick auf die jeweilige E-Mail-Adresse zu pr\u00fcfen, ob Sie Ihren b\u00fcrgerlichen Namen oder sonst einen Namen oder eine E-Mail-Adresse verwenden wollen, die es Dritten erlaubt, auf Ihre Identit\u00e4t zu schlie\u00dfen.<\/p>\n\n<p>Nach Freischaltung Ihres Nutzerkontos haben Sie die M\u00f6glichkeit, in unseren Foren aktiv Beitr\u00e4ge zu verfassen, unsere Artikel zu kommentieren etc. Zudem k\u00f6nnen Sie Ihr Nutzerprofil gegebenenfalls um weitere Angaben zu Ihrer Person erg\u00e4nzen. Die Informationen, die dabei individualisierbar auf Sie, Ihre Interessen, Meinungen und so weiter schlie\u00dfen lassen k\u00f6nnen, sind personenbezogene Daten. Wir verwenden diese Daten grunds\u00e4tzlich nur daf\u00fcr, Ihre Beitr\u00e4ge online verf\u00fcgbar zu machen und bereitzuhalten. Wir behalten uns zudem vor, auf besonders gelungene oder interessante Beitr\u00e4ge unserer Nutzer im redaktionellen Bereich von sm-org.de hinzuweisen und\/oder solche Beitr\u00e4ge zu zitieren.<\/p>\n\n<p>Ob Sie Beitr\u00e4ge posten oder Ihr Nutzerprofil um zus\u00e4tzliche Angaben erg\u00e4nzen, ist allein Ihre Entscheidung. Sie sollten dies jedoch nur tun, nachdem Sie die Folgen der dem Internet eigenen \u00d6ffentlichkeitswirkung bedacht und insbesondere von den Einstellungsm\u00f6glichkeiten Ihres Nutzerprofils bewusst Gebrauch gemacht haben.<\/p>\n\n<p>Die Rechtsgrundlage all dieser Verarbeitungen findet sich in Art. 6 Abs. 1 lit. b) DS-GVO.<\/p>\n\n<p>5. Kontakt per E-Mail<\/p>\n\n<p>Wenn Sie mit uns Kontakt per E-Mail aufnehmen, verarbeiten wir zumindest Ihre E-Mail-Adresse sowie ggf. weitere in der E-Mail enthaltenen personenbezogenen Daten. Dies geschieht ausschlie\u00dflich, um Ihre Anfrage zu beantworten. Die Rechtsgrundlage hierf\u00fcr ist Art. 6 Abs. 1 lit. f) DS-GVO. Unser berechtigtes Interesse liegt im vorgenannten Zweck.<\/p>\n\n<p>C. Empf\u00e4nger der Daten<\/p>\n\n<p>Innerhalb unseres Unternehmens haben jeweils die Abteilungen auf Ihre Daten Zugriff, die f\u00fcr die Bearbeitung der Anliegen zust\u00e4ndig sind. Zudem setzen wir externe Dienstleister ein, soweit wir Leistungen nicht oder nicht sinnvoll selbst vornehmen k\u00f6nnen. Diese externen Dienstleister sind dabei vor allem Anbieter von IT-Dienstleistungen und Telekommunikationsdienste. Zudem nutzen wir Anbieter von Zahlungsdienstleistungen, z.B. PayPal und Laterpay. Soweit Sie diese Dienstleister als Zahlungsabwickler ausw\u00e4hlen, \u00fcbertragen Sie die f\u00fcr die Zahlungsabwicklung erforderlichen Daten an diese Dienstleister. Weitere Informationen finden Sie in den Datenschutzerkl\u00e4rungen der Dienstleister.<\/p>\n\n<p>Eine \u00dcbermittlung in Drittstaaten findet grunds\u00e4tzlich nicht und nur dann statt, soweit sie zur Ausf\u00fchrung Ihrer Auftr\u00e4ge erforderlich ist, gesetzlich vorgeschrieben ist oder Sie uns Ihre Einwilligung hierzu erteilt haben.<\/p>\n\n<p>Ihre Beitr\u00e4ge und Kommentare werden auf sm-org.de \u00f6ffentlich zug\u00e4nglich gemacht &#8211; das ist schlie\u00dflich Sinn der Foren und Kommentarfunktionen. Was Sie wie posten, unterliegt dabei aber nat\u00fcrlich ausschlie\u00dflich Ihrer Entscheidung. Sie haben zudem die M\u00f6glichkeit, in den Einstellungen Ihres Nutzerprofils zu entscheiden, ob Ihre E-Mail-Adresse im Zusammenhang mit Ihren Beitr\u00e4gen bekanntwerden soll oder nicht. Da jedoch in jedem Fall wenigstens der Beitrag selbst einschlie\u00dflich Ihres Benutzernamens im Internet abrufbar sein wird, empfehlen wir nochmals, bei der Wahl des Benutzernamens zu bedenken, ob Sie identifiziert werden m\u00f6chten oder nicht. Zudem bitten wir mit Bezug auf die Inhalte Ihrer Beitr\u00e4ge zu ber\u00fccksichtigen, dass die Beitr\u00e4ge nicht gegen ein Auffinden durch Suchmaschinen gesperrt sind. Vermeiden Sie es also, Inhalte in Ihre Beitr\u00e4ge einflie\u00dfen zu lassen, die Sie nicht \u00f6ffentlich machen wollen. Der verwendete Benutzername ist immer sichtbar und kann auch \u00fcber Suchmaschinen gefunden werden.<\/p>\n\n<p>D. Speicherdauer.<\/p>\n\n<p>Unsere Logfiles werden vier Wochen gespeichert. Nehmen Sie Kontakt per E-Mail mit uns auf, so speichern wir Ihre Daten f\u00fcr 5 Jahre nach dem Ende unserer aktiven Kommunikationsbeziehung und l\u00f6schen die Daten anschlie\u00dfend zum Ende des jeweiligen Jahres.<\/p>\n\n<p>Ihre E-Mail-Adresse zur Versendung des Newsletters verarbeiten wir, bis Sie Ihren Widerspruch erkl\u00e4ren.<\/p>\n\n<p>Personenbezogene Daten, die in diesem Zusammenhang in Rechnungen auftauchen, werden aufgrund unserer gesetzlichen Aufbewahrungspflicht f\u00fcr einen Zeitraum von 11 Jahren.<\/p>\n\n<p>Errichten Sie ein Nutzerkonto im Rahmen der Forums- und Kommentarfunktion, so verarbeiten wir Ihre Daten, bis Sie dieses Konto k\u00fcndigen. Ihre Daten werden unverz\u00fcglich gel\u00f6scht. Ausnahme ist hier die IP-Adresse. Um eventuellem Missbrauch vorzubeugen, wird diese erst nach vier Wochen gel\u00f6scht.<\/p>\n\n<p>Wenn Sie Ihren Nutzerkonto bei uns l\u00f6schen, bleiben Ihre bis dahin verfassten Beitr\u00e4ge abrufbar, werden jedoch anonymisiert. Eine Ausnahme besteht dann, wenn Ihre Beitr\u00e4ge in Diskussionen zitiert werden. Solche Zitate bleiben aus technischen Gr\u00fcnden unver\u00e4ndert. Auch vor diesem Hintergrund stellen wir anheim, als Benutzernamen gegebenenfalls nicht Ihren b\u00fcrgerlichen Namen zu w\u00e4hlen.<\/p>\n\n<p>E. Betroffenenrechte<\/p>\n\n<p>Die Datenschutz-Grundverordnung garantiert Ihnen gewisse Rechte, die Sie uns gegen\u00fcber \u2013 soweit die gesetzlichen Voraussetzungen vorliegen \u2013 geltend machen k\u00f6nnen.<\/p>\n\n<ul class=\"wp-block-list\">\n<li>Art. 15 DS-GVO \u2013 Auskunftsrecht der betroffenen Person:<br \/>Sie haben das Recht, von uns eine Best\u00e4tigung dar\u00fcber zu verlangen, ob Sie betreffende personenbezogene Daten verarbeitet werden, und wenn ja, welche dies sind sowie die n\u00e4heren Umst\u00e4nde der Datenverarbeitung.<\/li>\n<li>Art. 16 DS-GVO \u2013 Recht auf Berichtigung:<br \/>Sie haben das Recht, von uns unverz\u00fcglich die Berichtigung Sie betreffender unrichtiger personenbezogener Daten zu verlangen. Dabei haben Sie unter Ber\u00fccksichtigung der Zwecke der Verarbeitung auch das Recht, die Vervollst\u00e4ndigung unvollst\u00e4ndiger personenbezogener Daten \u2013 auch mittels einer erg\u00e4nzenden Erkl\u00e4rung \u2013 zu verlangen.<\/li>\n<li>Art. 17 DS-GVO \u2013 Recht auf L\u00f6schung:<br \/>Sie haben das Recht, von uns zu verlangen, dass Sie betreffende personenbezogene Daten unverz\u00fcglich gel\u00f6scht werden.<\/li>\n<li>Art. 18 DS-GVO \u2013 Recht auf Einschr\u00e4nkung der Verarbeitung:<br \/>Sie haben das Recht, von uns die Einschr\u00e4nkung der Verarbeitung zu verlangen.<\/li>\n<li>Art. 20 DS-GVO \u2013 Recht auf Daten\u00fcbertragbarkeit:<br \/>Sie haben das Recht, im Falle der Verarbeitung aufgrund einer Einwilligung oder zur Erf\u00fcllung eines Vertrags, die Sie betreffenden personenbezogenen Daten, die Sie uns bereitgestellt haben, in einem strukturierten, g\u00e4ngigen und maschinenlesbaren Format zu erhalten, und diese Daten einem anderen Verantwortlichen ohne Behinderung durch uns zu \u00fcbermitteln oder die Daten direkt an den anderen Verantwortlichen \u00fcbermitteln zu lassen, soweit dies technisch machbar ist.<\/li>\n<li>Art. 21 DS-GVO \u2013 Widerspruchsrecht:<br \/>Sie haben das Recht, aus Gr\u00fcnden, die sich aus Ihrer besonderen Situation ergeben, jederzeit gegen die Verarbeitung Sie betreffender personenbezogener Daten, die aufgrund eines berechtigten Interesses unsererseits oder zur Wahrung einer Aufgabe im \u00f6ffentlichen Interesse erforderlich ist, oder die in Aus\u00fcbung \u00f6ffentlicher Gewalt erfolgt, Widerspruch einzulegen.<br \/><br \/>Legen Sie Widerspruch ein, werden wir Ihre personenbezogenen Daten nicht mehr verarbeiten, es sei denn, wir k\u00f6nnen zwingende schutzw\u00fcrdige Gr\u00fcnde f\u00fcr die Verarbeitung nachweisen, die Ihre Interessen, Rechte und Freiheiten \u00fcberwiegen, oder die Verarbeitung dient der Geltendmachung, Aus\u00fcbung oder Verteidigung von Rechtsanspr\u00fcchen. <br \/><br \/>Soweit wir Ihre personenbezogenen Daten verarbeiten, um Direktwerbung zu betreiben, haben Sie das Recht, jederzeit Widerspruch gegen die Verarbeitung einzulegen. Widersprechen Sie der Verarbeitung f\u00fcr Zwecke der Direktwerbung, so werden wir Ihre personenbezogenen Daten nicht mehr f\u00fcr diese Zwecke verarbeiten.<\/li>\n<li>Art. 77 DS-GVO i. V. m. \u00a7 19 BDSG \u2013 Recht auf Beschwerde bei einer Aufsichtsbeh\u00f6rde:<br \/><br \/>Sie haben das Recht, jederzeit Beschwerde bei einer Aufsichtsbeh\u00f6rde, insbesondere in dem Mitgliedstaat Ihres Aufenthaltsorts, Ihres Arbeitsplatzes oder des Orts des mutma\u00dflichen Versto\u00dfes, einzulegen, wenn Sie der Ansicht sind, dass die Verarbeitung der Sie betreffenden personenbezogenen Daten gegen geltendes Recht verst\u00f6\u00dft.<\/li>\n<\/ul>\n\n<p>Soweit Sie uns eine Einwilligung erteilt haben, haben Sie das Recht diese Einwilligung jederzeit zu widerrufen. Dies kann per E-Mail an info[@]sm-org.de erfolgen oder im Falle des Newsletters durch das Anklicken des Abmeldelinks. Die Rechtm\u00e4\u00dfigkeit der zuvor erfolgten Verarbeitungen wird hiervon nicht ber\u00fchrt.<\/p>\n\n<p>F. Pflicht zur Bereitstellung von Daten<\/p>\n\n<p>Sie haben keine vertragliche oder gesetzliche Pflicht uns personenbezogene Daten bereitzustellen. Allerdings sind wir ohne die von Ihnen mitgeteilten Daten teilweise nicht in der Lage, Ihnen alle unsere Services anzubieten.<\/p>\n\n<p>G. Internetspezifische Verarbeitungen<\/p>\n\n<p>Im Rahmen unserer Webseiten verwenden wir Cookies. Sie dienen dazu, unser Angebot nutzerfreundlicher und effektiver zu machen. Cookies sind kleine Textdateien, die auf Ihrem Rechner abgelegt werden und die Ihr Browser speichert. Durch unsere Cookies flie\u00dfen uns die Log-in-Daten, Informationen zu Ihrem Browsertyp und dessen Version, dem Datum und der Zeit des Besuchs bei uns sowie die Cookie-Nummer zu. Dieser Einsatz von Cookies im Rahmen der Registrierung sowie im weiteren Verlauf unseres Dienstes erm\u00f6glicht es uns, Sie zu erkennen, wenn Sie nach einer Session unser Internetangebot erneut besuchen.<\/p>\n\n<p>Zudem werden Cookies genutzt zur Messung des Traffics, zur Bereitstellung diverser Services, zur Information \u00fcber die Nutzung der Inhalte der Webseiten und zur Information Werbung treibender \u00fcber die Nutzungsgewohnheiten unserer Leser. Insofern hier die Verarbeitung personenbezogener Daten erfolgt, so sind diese immer pseudonymisiert.<\/p>\n\n<p>Falls Sie die Verwendung von Cookies unterbinden wollen, besteht dazu bei Ihrem Browser die M\u00f6glichkeit, die Annahme und Speicherung neuer Cookies zu verhindern. Um herauszufinden, wie das bei dem von Ihnen verwendeten Browser funktioniert, k\u00f6nnen Sie die Hilfe-Funktion Ihres Browsers benutzen oder sich an den Hersteller wenden.<\/p>\n\n<p>1. Google Analytics<\/p>\n\n<p>Die werbefinanzierte Fassung dieser Website benutzt Google Analytics, einen Webanalysedienst der Google LLC (\u201eGoogle\u201c).<\/p>\n\n<p>Google Analytics verwendet Cookies. Die durch das Cookie erzeugten Informationen \u00fcber Ihre Benutzung dieser Website werden in der Regel an einen Server von Google in den USA \u00fcbertragen und dort gespeichert. Auf sm-org.de ist die IP-Anonymisierung aktiviert, daher wird Ihre IP-Adresse von Google jedoch innerhalb von Mitgliedstaaten der Europ\u00e4ischen Union oder in anderen Vertragsstaaten des Abkommens \u00fcber den Europ\u00e4ischen Wirtschaftsraum zuvor gek\u00fcrzt. Nur in Ausnahmef\u00e4llen wird die volle IP-Adresse an einen Server von Google in den USA \u00fcbertragen und dort gek\u00fcrzt. Im Auftrag des Betreibers dieser Website wird Google diese Informationen benutzen, um Ihre Nutzung der Website auszuwerten, um Reports \u00fcber die Websiteaktivit\u00e4ten zusammenzustellen und um weitere mit der Websitenutzung und der Internetnutzung verbundene Dienstleistungen gegen\u00fcber dem Websitebetreiber zu erbringen.<\/p>\n\n<p>Sie k\u00f6nnen die Speicherung der Cookies durch eine entsprechende Einstellung Ihrer Browser-Software verhindern; wir weisen Sie jedoch darauf hin, dass Sie in diesem Fall gegebenenfalls nicht s\u00e4mtliche Funktionen dieser Website vollumf\u00e4nglich werden nutzen k\u00f6nnen. Sie k\u00f6nnen dar\u00fcber hinaus die Erfassung der durch das Cookie erzeugten und auf Ihre Nutzung der Website bezogenen Daten (inkl. Ihrer IP-Adresse) an Google sowie die Verarbeitung dieser Daten durch Google verhindern, indem Sie das unter dem folgenden Link<\/p>\n\n<p><a href=\"https:\/\/tools.google.com\/dlpage\/gaoptout?hl=de\" target=\"_blank\" rel=\"noreferrer noopener\">tools.google.com\/dlpage\/gaoptout?hl=de<\/a><\/p>\n\n<p>verf\u00fcgbare Browser-Plugin herunterladen und installieren.<\/p>\n\n<p>Sie k\u00f6nnen die Erfassung durch Google Analytics verhindern, indem Sie auf folgenden Link klicken. Es wird ein Opt-out-Cookie gesetzt, das die zuk\u00fcnftige Erfassung Ihrer Daten beim Besuch dieser Website verhindert:<\/p>\n\n<p><a>Google Analytics deaktivieren<\/a> (Javascript)<\/p>\n\n<p>Wir weisen Sie darauf hin, dass auf dieser Website Google Analytics um den Code \u201e<code>gat._anonymizeIp();<\/code>\u201c erweitert wurde, um eine anonymisierte Erfassung von IP-Adressen (sog. IP-Masking) zu gew\u00e4hrleisten.<\/p>\n\n<p>Die Rechtsgrundlage f\u00fcr die Verwendung von Google Analytics ist Art. 6 Abs. 1 lit. f) DS-GVO. Unser berechtigtes Interesse liegt in der Auswertung der Nutzung unserer Website. Die Daten werden f\u00fcr 26 Monate gespeichert.<\/p>\n\n<p>N\u00e4here Informationen zu Nutzungsbedingungen und Datenschutz finden Sie unter <a href=\"https:\/\/www.google.com\/analytics\/terms\/de.html\" target=\"_blank\" rel=\"noreferrer noopener\">www.google.com\/analytics\/terms\/de.html<\/a> bzw. unter <a href=\"https:\/\/www.google.de\/intl\/de\/policies\/\" target=\"_blank\" rel=\"noreferrer noopener\">www.google.de\/intl\/de\/policies\/<\/a>.<\/p>\n\n<p>2. DoubleClick<\/p>\n\n<p>DoubleClick by Google ist eine Dienstleistung von Google LLC, 1600 Amphitheatre Parkway, Mountain View, CA 94043, USA (\u201eGoogle\u201c). DoubleClick by Google verwendet Cookies um Ihnen f\u00fcr Sie relevante Werbeanzeigen zu pr\u00e4sentieren. Dabei wird Ihrem Browser eine pseudonyme Identifikationsnummer (ID) zugeordnet, um zu \u00fcberpr\u00fcfen, welche Anzeigen in Ihrem Browser eingeblendet wurden und welche Anzeigen aufgerufen wurden. Die Cookies enthalten keine personenbezogenen Informationen.<\/p>\n\n<p>Die Verwendung der DoubleClick-Cookies erm\u00f6glicht Google und seinen Partner-Webseiten lediglich die Schaltung von Anzeigen auf Basis vorheriger Besuche auf unserer oder anderen Webseiten im Internet. Die durch die Cookies erzeugten Informationen werden von Google zur Auswertung an einen Server in den USA \u00fcbertragen und dort gespeichert. Eine \u00dcbertragung der Daten durch Google an Dritte findet nur aufgrund gesetzlicher Vorschriften oder im Rahmen der Auftragsdatenverarbeitung statt.<\/p>\n\n<p>Sie k\u00f6nnen die Speicherung der Cookies durch eine entsprechende Einstellung Ihrer Browser-Software verhindern, wir weisen Sie jedoch darauf hin, dass Sie in diesem Fall gegebenenfalls nicht s\u00e4mtliche Funktionen unserer Webseiten vollumf\u00e4nglich werden nutzen k\u00f6nnen.<\/p>\n\n<p>Sie k\u00f6nnen dar\u00fcber hinaus die Erfassung der durch die Cookies erzeugten und auf Ihre Nutzung der Webseiten bezogenen Daten an Google sowie die Verarbeitung dieser Daten durch Google verhindern, indem Sie unter dem folgenden Link die entsprechenden Einstellungen vornehmen:<\/p>\n\n<p><a href=\"https:\/\/adssettings.google.com\/u\/0\/authenticated?hl=de-DE\" target=\"_blank\" rel=\"noreferrer noopener\">adssettings.google.com\/u\/0\/authenticated?hl=de-DE<\/a><\/p>\n\n<p>Alternativ k\u00f6nnen Sie die DoubleClick-Cookies auf der folgenden Seite deaktivieren:<\/p>\n\n<p><a href=\"http:\/\/www.youronlinechoices.com\/de\/praferenzmanagement\/\" target=\"_blank\" rel=\"noreferrer noopener\">www.youronlinechoices.com\/de\/praferenzmanagement\/<\/a><\/p>\n\n<p>Die Datenverarbeitung ist aufgrund von Art. 6 Abs. 1 lit. f) DS-GVO gerechtfertigt. Unser berechtigtes Interesse liegt darin, Ihnen interessenbezogene Werbung anzubieten.<\/p>\n\n<p>N\u00e4here Informationen zu Datenschutz und Cookies bei Google sind in der Datenschutzerkl\u00e4rung von Google zu finden: <a href=\"https:\/\/policies.google.com\/privacy?hl=de\" target=\"_blank\" rel=\"noreferrer noopener\">policies.google.com\/privacy?hl=de<\/a><\/p>\n\n<p>3. Websites und Plattformen von Dritten<\/p>\n\n<p>sm-org.de enth\u00e4lt oft Links auf fremde Websites. Wenn Sie diese Links anklicken, k\u00f6nnen Dritte m\u00f6glicherweise Daten von Ihnen erfassen oder weitergeben. Wir haben keinen Einfluss auf fremde Websites und legen Ihnen deshalb nahe, deren Datenschutzerkl\u00e4rungen durchzulesen, damit Sie verstehen, wie Informationen \u00fcber Sie bei ihnen verarbeitet werden.<\/p>\n\n<p>Wir binden zudem auf sm-org.de manchmal Beitr\u00e4ge von Plattformen wie Facebook, YouTube, Twitter oder Instagram ein, die \u00fcberwiegend in den USA sitzen, in EU- und EWR-Staaten aber den \u00fcblichen Datenschutzregeln unterliegen. Wenn Sie zum Beispiel einen Artikel mit einem eingebetteten Post oder YouTube-Video lesen, k\u00f6nnen durch die Einbettungstechnik generelle Rahmendaten wie Ihre IP-Adresse an die sozialen Netzwerke und Plattformen zur\u00fcck\u00fcbertragen werden. Wir haben keinen Einfluss darauf, wie die Plattformen die Daten verwenden. Informieren Sie sich bitte bei Facebook, Twitter, Instagram und YouTube direkt dar\u00fcber und passen Sie ggfs. Ihre Privatsph\u00e4reeinstellungen an.<\/p>\n\n<p>Sie finden sm-org.de auch direkt in sozialen Netzwerken fremder Unternehmen, wie z. B. Facebook, Twitter oder Instagram. In sozialen Netzwerken und auf anderen externen Plattformen gelten die eigenen Datenschutzbestimmungen der jeweiligen Unternehmen, auch wenn wir dort mit unseren Marken Informationen verbreiten und Pr\u00e4senzen unterhalten.<\/p>\n\n<p>Hannover, 03.2020<\/p>\n\t\t\t\t\t\t\t\t<\/div>\n\t\t\t\t<\/div>\n\t\t\t\t\t<\/div>\n\t\t<\/div>\n\t\t\t\t\t<\/div>\n\t\t<\/section>\n\t\t\t\t<\/div>\n\t\t","protected":false},"excerpt":{"rendered":"<p>Sofern personenbezogene Daten von uns erhoben werden ist uns der Datenschutz besonders wichtig. Wir gehen mit Ihren Daten sensibel und sorgf\u00e4ltig um und sorgen f\u00fcr eine hohe Datensicherheit. Selbstverst\u00e4ndlich beachten wir die Datenschutzgrundverordnung (DSGVO) sowie das Bundesdatenschutzgesetz (BDSG). Personenbezogene Daten die von uns erhoben und verarbeitet werden verwenden wir nur in dem Umfang wie sie [&hellip;]<\/p>\n","protected":false},"author":1,"featured_media":0,"parent":0,"menu_order":0,"comment_status":"closed","ping_status":"open","template":"","meta":{"footnotes":""},"class_list":["post-3","page","type-page","status-publish","hentry","post"],"_links":{"self":[{"href":"https:\/\/sm-org.de\/index.php\/wp-json\/wp\/v2\/pages\/3","targetHints":{"allow":["GET"]}}],"collection":[{"href":"https:\/\/sm-org.de\/index.php\/wp-json\/wp\/v2\/pages"}],"about":[{"href":"https:\/\/sm-org.de\/index.php\/wp-json\/wp\/v2\/types\/page"}],"author":[{"embeddable":true,"href":"https:\/\/sm-org.de\/index.php\/wp-json\/wp\/v2\/users\/1"}],"replies":[{"embeddable":true,"href":"https:\/\/sm-org.de\/index.php\/wp-json\/wp\/v2\/comments?post=3"}],"version-history":[{"count":4,"href":"https:\/\/sm-org.de\/index.php\/wp-json\/wp\/v2\/pages\/3\/revisions"}],"predecessor-version":[{"id":685,"href":"https:\/\/sm-org.de\/index.php\/wp-json\/wp\/v2\/pages\/3\/revisions\/685"}],"wp:attachment":[{"href":"https:\/\/sm-org.de\/index.php\/wp-json\/wp\/v2\/media?parent=3"}],"curies":[{"name":"wp","href":"https:\/\/api.w.org\/{rel}","templated":true}]}}