{"id":310,"date":"2019-07-04T23:39:48","date_gmt":"2019-07-04T21:39:48","guid":{"rendered":"https:\/\/sm-org.de\/?page_id=310"},"modified":"2019-07-09T03:22:22","modified_gmt":"2019-07-09T01:22:22","slug":"ueber-mich","status":"publish","type":"page","link":"https:\/\/sm-org.de\/index.php\/ueber-mich\/","title":{"rendered":"\u00dcber den Autor"},"content":{"rendered":"<div id=\"pl-310\"  class=\"panel-layout\" ><div id=\"pg-310-0\"  class=\"panel-grid panel-no-style\" ><div id=\"pgc-310-0-0\"  class=\"panel-grid-cell\" ><div id=\"panel-310-0-0-0\" class=\"so-panel widget widget_text panel-first-child panel-last-child\" data-index=\"0\" ><h3 class=\"widget-title\">\u00dcber den Autor<\/h3>\t\t\t<div class=\"textwidget\"><p>Der Autor besch\u00e4ftigt sich Seit fr\u00fchester Kindheit, ungef\u00e4hr seit 1980, mit Computern. Mit Erscheinen des Sinclair ZX-81 starteten kleinere Projekte in der Programmierung von Computern. Die Programmiersprachen waren damals noch Maschinensprache und Basic.<\/p>\n<p>\u00dcber den VC-20 und C-64 von Comodore f\u00fchrte der Weg dann letztendlich zu den PC&#8217;s. Damals noch fast unerschwinglich und mit einer Ausstattung die heute jede Armbanduhr um l\u00e4ngen schlagen kann.<\/p>\n<p>Die Kenntnisse wurde im Laufe der Jahre immer weiter entwickelt, und so f\u00fchrte der Weg dann zu den Programmiersprachen wie PHP und Javascript. Meist aus der Not heraus weil es Damals noch keine Programme gab die wie ben\u00f6tigten, begann der Autor selbst mit dem schreiben von Software zum Beispiel Datenverwaltung f\u00fcr B\u00fcro und Callcenter.<\/p>\n<p>2006 kam dann noch die Programmierung von Asterisk Telefonanlagen dazu, welche durch Flexibilit\u00e4t und Skalierbarkeit gl\u00e4nzt.<\/p>\n<p>Seit 2013 ist die Callcenter Software Easycall mittlerweile in der 3. Generation und \u00dcberarbeitung im Einsatz und vernetzt so Callcenter \u00fcber eine Webbasierte Asteriskl\u00f6sung mit FreePBX Callcenter in verschiedenen L\u00e4ndern.<\/p>\n<\/div>\n\t\t<\/div><\/div><\/div><\/div>","protected":false},"excerpt":{"rendered":"<p>Der Autor besch\u00e4ftigt sich Seit fr\u00fchester Kindheit, ungef\u00e4hr seit 1980, mit Computern. Mit Erscheinen des Sinclair ZX-81 starteten kleinere Projekte in der Programmierung von Computern. Die Programmiersprachen waren damals noch Maschinensprache und Basic. \u00dcber den VC-20 und C-64 von Comodore f\u00fchrte der Weg dann letztendlich zu den PC&#8217;s. Damals noch fast unerschwinglich und mit einer [&hellip;]<\/p>\n","protected":false},"author":1,"featured_media":0,"parent":0,"menu_order":0,"comment_status":"closed","ping_status":"closed","template":"","meta":{"footnotes":""},"class_list":["post-310","page","type-page","status-publish","hentry","post"],"_links":{"self":[{"href":"https:\/\/sm-org.de\/index.php\/wp-json\/wp\/v2\/pages\/310","targetHints":{"allow":["GET"]}}],"collection":[{"href":"https:\/\/sm-org.de\/index.php\/wp-json\/wp\/v2\/pages"}],"about":[{"href":"https:\/\/sm-org.de\/index.php\/wp-json\/wp\/v2\/types\/page"}],"author":[{"embeddable":true,"href":"https:\/\/sm-org.de\/index.php\/wp-json\/wp\/v2\/users\/1"}],"replies":[{"embeddable":true,"href":"https:\/\/sm-org.de\/index.php\/wp-json\/wp\/v2\/comments?post=310"}],"version-history":[{"count":9,"href":"https:\/\/sm-org.de\/index.php\/wp-json\/wp\/v2\/pages\/310\/revisions"}],"predecessor-version":[{"id":403,"href":"https:\/\/sm-org.de\/index.php\/wp-json\/wp\/v2\/pages\/310\/revisions\/403"}],"wp:attachment":[{"href":"https:\/\/sm-org.de\/index.php\/wp-json\/wp\/v2\/media?parent=310"}],"curies":[{"name":"wp","href":"https:\/\/api.w.org\/{rel}","templated":true}]}}