{"id":887,"date":"2022-12-27T17:17:05","date_gmt":"2022-12-27T16:17:05","guid":{"rendered":"https:\/\/sm-org.de\/?page_id=887"},"modified":"2024-09-01T01:19:02","modified_gmt":"2024-08-31T23:19:02","slug":"thailand","status":"publish","type":"page","link":"https:\/\/sm-org.de\/index.php\/thailand\/","title":{"rendered":"Thailand"},"content":{"rendered":"\n<p>Als ich 1999 das erste mal nach Thailand in den Urlaub gefahren bin, wurde mir sehr schnell klar das ich sp\u00e4ter einmal dort leben will.<\/p>\n\n\n\n<p><\/p>\n\n\n\n<div class=\"wp-block-media-text alignwide is-stacked-on-mobile\" style=\"font-size:16px\"><figure class=\"wp-block-media-text__media\"><img fetchpriority=\"high\" decoding=\"async\" width=\"1024\" height=\"768\" src=\"https:\/\/sm-org.de\/wp-content\/uploads\/2022\/12\/20220326_073523-1024x768.jpg\" alt=\"\" class=\"wp-image-892 size-full\" srcset=\"https:\/\/sm-org.de\/wp-content\/uploads\/2022\/12\/20220326_073523-1024x768.jpg 1024w, https:\/\/sm-org.de\/wp-content\/uploads\/2022\/12\/20220326_073523-300x225.jpg 300w, https:\/\/sm-org.de\/wp-content\/uploads\/2022\/12\/20220326_073523-150x113.jpg 150w, https:\/\/sm-org.de\/wp-content\/uploads\/2022\/12\/20220326_073523-768x576.jpg 768w, https:\/\/sm-org.de\/wp-content\/uploads\/2022\/12\/20220326_073523-1536x1152.jpg 1536w, https:\/\/sm-org.de\/wp-content\/uploads\/2022\/12\/20220326_073523-2048x1536.jpg 2048w\" sizes=\"(max-width: 1024px) 100vw, 1024px\" \/><\/figure><div class=\"wp-block-media-text__content\">\n<p style=\"font-size:14px\">Es ist manchmal als wenn man in einer Postkarte lebt. Wer w\u00fcnscht es sich nicht morgens aufzuwachen und nach ein paar Schritten am Meer zu sein und in die Weite zu sehen.<\/p>\n\n\n\n<p style=\"font-size:14px\">Damals war es nur ein Wunsch. Bald wird es wahr. Mittlerweile haben wir ein kleines Haus auf der Insel und planen unseren R\u00fcckzug aus Deutschland. Ich will hier nicht die 999. Thailandseite erstellen, aber vielleicht findet der eine oder andere einen Tip den er noch nicht kennt, oder gewinnt den einen oder anderen Eindruck von Land und Leuten der bei der Entscheidungsfindung f\u00fcr den n\u00e4chsten Urlaub sinnvoll ist.<\/p>\n\n\n\n<p><\/p>\n<\/div><\/div>\n\n\n\n<p>Beim St\u00f6bern auf den Seiten und den Geschichten aus einem fernen Land w\u00fcnsche ich viel Spa\u00df. <\/p>\n\n\n\n<p>Geschichten die mir w\u00e4rend der Reisen nach und in Thailand passiert sind findet Ihr hier:<br><a href=\"https:\/\/sm-org.de\/index.php\/2019\/11\/16\/elementor-726\/\" data-type=\"post\" data-id=\"726\">Auf nach Hongkong?!?<\/a><br><\/p>\n\n\n\n<p>Reisetips und Visatips findest du (bald) hier:<\/p>\n","protected":false},"excerpt":{"rendered":"<p>Als ich 1999 das erste mal nach Thailand in den Urlaub gefahren bin, wurde mir sehr schnell klar das ich sp\u00e4ter einmal dort leben will. Es ist manchmal als wenn man in einer Postkarte lebt. Wer w\u00fcnscht es sich nicht morgens aufzuwachen und nach ein paar Schritten am Meer zu sein und in die Weite [&hellip;]<\/p>\n","protected":false},"author":1,"featured_media":0,"parent":0,"menu_order":0,"comment_status":"closed","ping_status":"closed","template":"","meta":{"footnotes":""},"class_list":["post-887","page","type-page","status-publish","hentry","post"],"_links":{"self":[{"href":"https:\/\/sm-org.de\/index.php\/wp-json\/wp\/v2\/pages\/887","targetHints":{"allow":["GET"]}}],"collection":[{"href":"https:\/\/sm-org.de\/index.php\/wp-json\/wp\/v2\/pages"}],"about":[{"href":"https:\/\/sm-org.de\/index.php\/wp-json\/wp\/v2\/types\/page"}],"author":[{"embeddable":true,"href":"https:\/\/sm-org.de\/index.php\/wp-json\/wp\/v2\/users\/1"}],"replies":[{"embeddable":true,"href":"https:\/\/sm-org.de\/index.php\/wp-json\/wp\/v2\/comments?post=887"}],"version-history":[{"count":13,"href":"https:\/\/sm-org.de\/index.php\/wp-json\/wp\/v2\/pages\/887\/revisions"}],"predecessor-version":[{"id":925,"href":"https:\/\/sm-org.de\/index.php\/wp-json\/wp\/v2\/pages\/887\/revisions\/925"}],"wp:attachment":[{"href":"https:\/\/sm-org.de\/index.php\/wp-json\/wp\/v2\/media?parent=887"}],"curies":[{"name":"wp","href":"https:\/\/api.w.org\/{rel}","templated":true}]}}