{"id":904,"date":"2023-01-04T14:49:10","date_gmt":"2023-01-04T13:49:10","guid":{"rendered":"https:\/\/sm-org.de\/?page_id=904"},"modified":"2023-01-04T14:49:11","modified_gmt":"2023-01-04T13:49:11","slug":"koh-samui","status":"publish","type":"page","link":"https:\/\/sm-org.de\/index.php\/koh-samui\/","title":{"rendered":"Koh Samui"},"content":{"rendered":"\n<p>Koh Samui ist eine Insel s\u00fcdlich von Bangkok im Golf von Thailand und mit einer Fl\u00e4che von ca. 230 km\u00b2 die drittgr\u00f6\u00dfte in Thailand<br>Die Insel ist eine von ca. 60 Inseln im Samui-Archipel. Weitere bekannte Inseln sind Koh Pha-ngan, Koh Tao, Koh Nang Yuan und Koh Taen. <\/p>\n\n\n\n<div class=\"wp-block-media-text alignwide is-stacked-on-mobile\" style=\"grid-template-columns:35% auto\"><figure class=\"wp-block-media-text__media\"><img fetchpriority=\"high\" decoding=\"async\" width=\"768\" height=\"1024\" src=\"https:\/\/sm-org.de\/wp-content\/uploads\/2023\/01\/20190530_121256-768x1024.jpg\" alt=\"\" class=\"wp-image-905 size-large\" srcset=\"https:\/\/sm-org.de\/wp-content\/uploads\/2023\/01\/20190530_121256-768x1024.jpg 768w, https:\/\/sm-org.de\/wp-content\/uploads\/2023\/01\/20190530_121256-225x300.jpg 225w, https:\/\/sm-org.de\/wp-content\/uploads\/2023\/01\/20190530_121256-113x150.jpg 113w, https:\/\/sm-org.de\/wp-content\/uploads\/2023\/01\/20190530_121256-1152x1536.jpg 1152w, https:\/\/sm-org.de\/wp-content\/uploads\/2023\/01\/20190530_121256-1536x2048.jpg 1536w, https:\/\/sm-org.de\/wp-content\/uploads\/2023\/01\/20190530_121256-scaled.jpg 1920w\" sizes=\"(max-width: 768px) 100vw, 768px\" \/><\/figure><div class=\"wp-block-media-text__content\">\n<p>Das Bild zeigt den Flughafen von Koh Samui und einen Blick auf die wohl gr\u00f6\u00dfte Stadt auf der Insel, Chaweng Beach. Das ist f\u00fcr Touristen wohl das erste Ziel wenn man es nicht so ruhig braucht. Andere Orte w\u00e4ren dann Lamei Beach, hier ist es etwas ruhiger. Die Hauptstadt  liegt im Westen der Insel und hei\u00dft Ban Na Thon. Dort ist auch der Hafen wenn man die Insel mit der F\u00e4hre von Surat Thani aus anfahren will. Wer Zeit hat sollte diese Route auch mal w\u00e4hlen.<\/p>\n\n\n\n<p>Von Bangkok aus kann man bequem mit dem Nachtzug nach Surat Thani fahren. Die Fahrdauer ist 12 Stunden (19:00 Uhr abends bis 7:00 Uhr morgens) danach noch ca. 2 -3 Stunden vom Bahnhof mit dem Bus und dann mit der F\u00e4hre auf die Insel. <\/p>\n<\/div><\/div>\n","protected":false},"excerpt":{"rendered":"<p>Koh Samui ist eine Insel s\u00fcdlich von Bangkok im Golf von Thailand und mit einer Fl\u00e4che von ca. 230 km\u00b2 die drittgr\u00f6\u00dfte in ThailandDie Insel ist eine von ca. 60 Inseln im Samui-Archipel. Weitere bekannte Inseln sind Koh Pha-ngan, Koh Tao, Koh Nang Yuan und Koh Taen. Das Bild zeigt den Flughafen von Koh Samui [&hellip;]<\/p>\n","protected":false},"author":1,"featured_media":0,"parent":0,"menu_order":0,"comment_status":"closed","ping_status":"closed","template":"","meta":{"footnotes":""},"class_list":["post-904","page","type-page","status-publish","hentry","post"],"_links":{"self":[{"href":"https:\/\/sm-org.de\/index.php\/wp-json\/wp\/v2\/pages\/904","targetHints":{"allow":["GET"]}}],"collection":[{"href":"https:\/\/sm-org.de\/index.php\/wp-json\/wp\/v2\/pages"}],"about":[{"href":"https:\/\/sm-org.de\/index.php\/wp-json\/wp\/v2\/types\/page"}],"author":[{"embeddable":true,"href":"https:\/\/sm-org.de\/index.php\/wp-json\/wp\/v2\/users\/1"}],"replies":[{"embeddable":true,"href":"https:\/\/sm-org.de\/index.php\/wp-json\/wp\/v2\/comments?post=904"}],"version-history":[{"count":2,"href":"https:\/\/sm-org.de\/index.php\/wp-json\/wp\/v2\/pages\/904\/revisions"}],"predecessor-version":[{"id":907,"href":"https:\/\/sm-org.de\/index.php\/wp-json\/wp\/v2\/pages\/904\/revisions\/907"}],"wp:attachment":[{"href":"https:\/\/sm-org.de\/index.php\/wp-json\/wp\/v2\/media?parent=904"}],"curies":[{"name":"wp","href":"https:\/\/api.w.org\/{rel}","templated":true}]}}